{"id":3774,"date":"2021-05-16T20:51:46","date_gmt":"2021-05-16T20:51:46","guid":{"rendered":"https:\/\/crossfitleiria.com\/?page_id=3774"},"modified":"2025-05-02T18:00:11","modified_gmt":"2025-05-02T18:00:11","slug":"box","status":"publish","type":"page","link":"https:\/\/cfl-academy.com\/pt\/box\/","title":{"rendered":"O CFL"},"content":{"rendered":"\t\t<div data-elementor-type=\"wp-page\" data-elementor-id=\"3774\" class=\"elementor elementor-3774\">\n\t\t\t\t\t\t<section class=\"elementor-section elementor-top-section elementor-element elementor-element-1db5f30b elementor-section-height-min-height elementor-section-content-middle elementor-section-boxed elementor-section-height-default elementor-section-items-middle\" data-id=\"1db5f30b\" data-element_type=\"section\" data-e-type=\"section\" data-settings=\"{&quot;background_background&quot;:&quot;slideshow&quot;,&quot;animation&quot;:&quot;none&quot;,&quot;background_slideshow_gallery&quot;:[{&quot;id&quot;:17576,&quot;url&quot;:&quot;https:\\\/\\\/crossfitleiria.com\\\/wp-content\\\/uploads\\\/2025\\\/05\\\/Fotos_espaco_Crossfit_Leiria_Sul0003-scaled.jpg&quot;},{&quot;id&quot;:17577,&quot;url&quot;:&quot;https:\\\/\\\/crossfitleiria.com\\\/wp-content\\\/uploads\\\/2025\\\/05\\\/Fotos_espaco_Crossfit_Leiria_Sul0014-scaled.jpg&quot;},{&quot;id&quot;:17579,&quot;url&quot;:&quot;https:\\\/\\\/crossfitleiria.com\\\/wp-content\\\/uploads\\\/2025\\\/05\\\/Fotos_espaco_Crossfit_Leiria_Sul0010-scaled.jpg&quot;},{&quot;id&quot;:17580,&quot;url&quot;:&quot;https:\\\/\\\/crossfitleiria.com\\\/wp-content\\\/uploads\\\/2025\\\/05\\\/Fotos_espaco_Crossfit_Leiria_Sul0020-scaled.jpg&quot;},{&quot;id&quot;:17581,&quot;url&quot;:&quot;https:\\\/\\\/crossfitleiria.com\\\/wp-content\\\/uploads\\\/2025\\\/05\\\/Fotos_espaco_Crossfit_Leiria_Sul0030-scaled.jpg&quot;},{&quot;id&quot;:17582,&quot;url&quot;:&quot;https:\\\/\\\/crossfitleiria.com\\\/wp-content\\\/uploads\\\/2025\\\/05\\\/Fotos_espaco_Crossfit_Leiria_Sul0049-scaled.jpg&quot;},{&quot;id&quot;:17583,&quot;url&quot;:&quot;https:\\\/\\\/crossfitleiria.com\\\/wp-content\\\/uploads\\\/2025\\\/05\\\/Fotos_espaco_Crossfit_Leiria_Sul0068-scaled.jpg&quot;},{&quot;id&quot;:17584,&quot;url&quot;:&quot;https:\\\/\\\/crossfitleiria.com\\\/wp-content\\\/uploads\\\/2025\\\/05\\\/Fotos_espaco_Crossfit_Leiria_Sul0095-scaled.jpg&quot;},{&quot;id&quot;:17585,&quot;url&quot;:&quot;https:\\\/\\\/crossfitleiria.com\\\/wp-content\\\/uploads\\\/2025\\\/05\\\/Fotos_espaco_Crossfit_Leiria_Sul0090-scaled.jpg&quot;},{&quot;id&quot;:17586,&quot;url&quot;:&quot;https:\\\/\\\/crossfitleiria.com\\\/wp-content\\\/uploads\\\/2025\\\/05\\\/Fotos_espaco_Crossfit_Leiria_Sul0118-scaled.jpg&quot;},{&quot;id&quot;:17587,&quot;url&quot;:&quot;https:\\\/\\\/crossfitleiria.com\\\/wp-content\\\/uploads\\\/2025\\\/05\\\/Fotos_espaco_Crossfit_Leiria_Sul0120-scaled.jpg&quot;},{&quot;id&quot;:17588,&quot;url&quot;:&quot;https:\\\/\\\/crossfitleiria.com\\\/wp-content\\\/uploads\\\/2025\\\/05\\\/Fotos_espaco_Crossfit_Leiria_Sul0121-scaled.jpg&quot;},{&quot;id&quot;:17589,&quot;url&quot;:&quot;https:\\\/\\\/crossfitleiria.com\\\/wp-content\\\/uploads\\\/2025\\\/05\\\/Fotos_espaco_Crossfit_Leiria_Sul0129-scaled.jpg&quot;},{&quot;id&quot;:17590,&quot;url&quot;:&quot;https:\\\/\\\/crossfitleiria.com\\\/wp-content\\\/uploads\\\/2025\\\/05\\\/Fotos_espaco_Crossfit_Leiria_Sul0126-scaled.jpg&quot;},{&quot;id&quot;:17591,&quot;url&quot;:&quot;https:\\\/\\\/crossfitleiria.com\\\/wp-content\\\/uploads\\\/2025\\\/05\\\/Fotos_espaco_Crossfit_Leiria_Sul0130-scaled.jpg&quot;}],&quot;background_slideshow_slide_duration&quot;:3000,&quot;background_slideshow_loop&quot;:&quot;yes&quot;,&quot;background_slideshow_slide_transition&quot;:&quot;fade&quot;,&quot;background_slideshow_transition_duration&quot;:500}\">\n\t\t\t\t\t\t\t<div class=\"elementor-background-overlay\"><\/div>\n\t\t\t\t\t\t\t<div class=\"elementor-container elementor-column-gap-default\">\n\t\t\t\t\t<div class=\"elementor-column elementor-col-100 elementor-top-column elementor-element elementor-element-41975293\" data-id=\"41975293\" data-element_type=\"column\" data-e-type=\"column\">\n\t\t\t<div class=\"elementor-widget-wrap\">\n\t\t\t\t\t\t\t<\/div>\n\t\t<\/div>\n\t\t\t\t\t<\/div>\n\t\t<\/section>\n\t\t\t\t<section class=\"elementor-section elementor-top-section elementor-element elementor-element-b69e2e0 elementor-section-boxed elementor-section-height-default elementor-section-height-default\" data-id=\"b69e2e0\" data-element_type=\"section\" data-e-type=\"section\" data-settings=\"{&quot;background_background&quot;:&quot;classic&quot;}\">\n\t\t\t\t\t\t<div class=\"elementor-container elementor-column-gap-default\">\n\t\t\t\t\t<div class=\"elementor-column elementor-col-100 elementor-top-column elementor-element elementor-element-5dd5ab4\" data-id=\"5dd5ab4\" data-element_type=\"column\" data-e-type=\"column\">\n\t\t\t<div class=\"elementor-widget-wrap elementor-element-populated\">\n\t\t\t\t\t\t<div class=\"elementor-element elementor-element-8e92ad8 elementor-widget elementor-widget-image\" data-id=\"8e92ad8\" data-element_type=\"widget\" data-e-type=\"widget\" data-widget_type=\"image.default\">\n\t\t\t\t<div class=\"elementor-widget-container\">\n\t\t\t\t\t\t\t\t\t\t\t\t\t\t\t<img fetchpriority=\"high\" decoding=\"async\" width=\"800\" height=\"200\" src=\"https:\/\/cfl-academy.com\/wp-content\/uploads\/2025\/02\/CFL-Forging-Unique-Human-Beings.png\" class=\"attachment-large size-large wp-image-15812\" alt=\"CFL-Forging Unique Human Beings\" srcset=\"https:\/\/cfl-academy.com\/wp-content\/uploads\/2025\/02\/CFL-Forging-Unique-Human-Beings.png 800w, https:\/\/cfl-academy.com\/wp-content\/uploads\/2025\/02\/CFL-Forging-Unique-Human-Beings-300x75.png 300w, https:\/\/cfl-academy.com\/wp-content\/uploads\/2025\/02\/CFL-Forging-Unique-Human-Beings-768x192.png 768w, https:\/\/cfl-academy.com\/wp-content\/uploads\/2025\/02\/CFL-Forging-Unique-Human-Beings-18x5.png 18w\" sizes=\"(max-width: 800px) 100vw, 800px\" \/>\t\t\t\t\t\t\t\t\t\t\t\t\t\t\t<\/div>\n\t\t\t\t<\/div>\n\t\t\t\t\t<\/div>\n\t\t<\/div>\n\t\t\t\t\t<\/div>\n\t\t<\/section>\n\t\t\t\t<section class=\"elementor-section elementor-top-section elementor-element elementor-element-fa0f032 elementor-section-boxed elementor-section-height-default elementor-section-height-default\" data-id=\"fa0f032\" data-element_type=\"section\" data-e-type=\"section\">\n\t\t\t\t\t\t<div class=\"elementor-container elementor-column-gap-default\">\n\t\t\t\t\t<div class=\"elementor-column elementor-col-100 elementor-top-column elementor-element elementor-element-ad7425c\" data-id=\"ad7425c\" data-element_type=\"column\" data-e-type=\"column\">\n\t\t\t<div class=\"elementor-widget-wrap elementor-element-populated\">\n\t\t\t\t\t\t<div class=\"elementor-element elementor-element-9336b58 elementor-widget elementor-widget-heading\" data-id=\"9336b58\" data-element_type=\"widget\" data-e-type=\"widget\" data-widget_type=\"heading.default\">\n\t\t\t\t<div class=\"elementor-widget-container\">\n\t\t\t\t\t<h1 class=\"elementor-heading-title elementor-size-default\">O CFL<\/h1>\t\t\t\t<\/div>\n\t\t\t\t<\/div>\n\t\t\t\t\t<\/div>\n\t\t<\/div>\n\t\t\t\t\t<\/div>\n\t\t<\/section>\n\t\t\t\t<section class=\"elementor-section elementor-top-section elementor-element elementor-element-327e921 elementor-section-boxed elementor-section-height-default elementor-section-height-default\" data-id=\"327e921\" data-element_type=\"section\" data-e-type=\"section\">\n\t\t\t\t\t\t<div class=\"elementor-container elementor-column-gap-wider\">\n\t\t\t\t\t<div class=\"elementor-column elementor-col-50 elementor-top-column elementor-element elementor-element-e8fd6c6\" data-id=\"e8fd6c6\" data-element_type=\"column\" data-e-type=\"column\">\n\t\t\t<div class=\"elementor-widget-wrap elementor-element-populated\">\n\t\t\t\t\t\t<div class=\"elementor-element elementor-element-1444bd2 elementor-widget elementor-widget-text-editor\" data-id=\"1444bd2\" data-element_type=\"widget\" data-e-type=\"widget\" data-widget_type=\"text-editor.default\">\n\t\t\t\t<div class=\"elementor-widget-container\">\n\t\t\t\t\t\t\t\t\t<p>O CFL &#8211; Training Academy conta com duas boxes em Leiria: a box sul e a box norte. Para al\u00e9m de zonas de treino, temos tamb\u00e9m gabinete de nutri\u00e7\u00e3o, fisioterapia e zonas de bar e lounge para conforto dos nossos atletas.<\/p><p>Temos v\u00e1rias \u00e1reas de treino destinadas a tipo de aulas diferentes. Na\u00a0<span style=\"font-size: 20px;\">Box Sul dispomos de dois espa\u00e7os de treino que abra\u00e7am as aulas FBB, HYROX e HYBRID.<\/span><\/p>\t\t\t\t\t\t\t\t<\/div>\n\t\t\t\t<\/div>\n\t\t\t\t\t<\/div>\n\t\t<\/div>\n\t\t\t\t<div class=\"elementor-column elementor-col-50 elementor-top-column elementor-element elementor-element-6f002d6\" data-id=\"6f002d6\" data-element_type=\"column\" data-e-type=\"column\">\n\t\t\t<div class=\"elementor-widget-wrap elementor-element-populated\">\n\t\t\t\t\t\t<div class=\"elementor-element elementor-element-a0c7dd8 elementor-widget elementor-widget-text-editor\" data-id=\"a0c7dd8\" data-element_type=\"widget\" data-e-type=\"widget\" data-widget_type=\"text-editor.default\">\n\t\t\t\t<div class=\"elementor-widget-container\">\n\t\t\t\t\t\t\t\t\t<p><span style=\"font-size: 20px; font-style: normal;\">Na Box Norte, existem 4 espa\u00e7os de treino e \u00e9 onde se encontra o nosso GYM. Nesta Box existem tamb\u00e9m as nossas aulas de HYBRID e PILATES e ainda o OUTDOOR.<\/span><span style=\"font-size: 20px; font-style: normal;\">\u00a0<\/span><\/p>\t\t\t\t\t\t\t\t<\/div>\n\t\t\t\t<\/div>\n\t\t\t\t\t<\/div>\n\t\t<\/div>\n\t\t\t\t\t<\/div>\n\t\t<\/section>\n\t\t\t\t<section class=\"elementor-section elementor-top-section elementor-element elementor-element-78e05a7 elementor-section-boxed elementor-section-height-default elementor-section-height-default\" data-id=\"78e05a7\" data-element_type=\"section\" data-e-type=\"section\">\n\t\t\t\t\t\t<div class=\"elementor-container elementor-column-gap-wider\">\n\t\t\t\t\t<div class=\"elementor-column elementor-col-100 elementor-top-column elementor-element elementor-element-28a05a4\" data-id=\"28a05a4\" data-element_type=\"column\" data-e-type=\"column\">\n\t\t\t<div class=\"elementor-widget-wrap elementor-element-populated\">\n\t\t\t\t\t\t<div class=\"elementor-element elementor-element-bb0b68d elementor-widget elementor-widget-eael-image-accordion\" data-id=\"bb0b68d\" data-element_type=\"widget\" data-e-type=\"widget\" data-widget_type=\"eael-image-accordion.default\">\n\t\t\t\t<div class=\"elementor-widget-container\">\n\t\t\t\t\t    <div class=\"eael-img-accordion accordion-direction-horizontal eael-img-accordion-horizontal-align-center eael-img-accordion-vertical-align-center\" id=\"eael-img-accordion-bb0b68d\" data-img-accordion-id=\"bb0b68d\" data-img-accordion-type=\"on-hover\">\n                    \n            <div class=\"eael-image-accordion-hover eael-image-accordion-item\" style=\"background-image: url(https:\/\/crossfitleiria.com\/wp-content\/uploads\/2025\/04\/Fotos_espacI\u00a7o_Crossfit_Leiria_Sul0044-scaled.jpg);\"  tabindex=\"0\">\n                <div class=\"overlay\">\n                                        <div class=\"overlay-inner \">\n                                            <\/div>\n                <\/div>\n            <\/div>\n                    \n            <div class=\"eael-image-accordion-hover eael-image-accordion-item\" style=\"background-image: url(https:\/\/crossfitleiria.com\/wp-content\/uploads\/2025\/04\/Fotos_espacI\u00a7o_Crossfit_Leiria_Sul0059-scaled.jpg);\"  tabindex=\"0\">\n                <div class=\"overlay\">\n                                        <div class=\"overlay-inner \">\n                                            <\/div>\n                <\/div>\n            <\/div>\n                    \n            <div class=\"eael-image-accordion-hover eael-image-accordion-item\" style=\"background-image: url(https:\/\/crossfitleiria.com\/wp-content\/uploads\/2025\/04\/Fotos_espacI\u00a7o_Crossfit_Leiria_Sul0166-scaled.jpg);\"  tabindex=\"0\">\n                <div class=\"overlay\">\n                                        <div class=\"overlay-inner \">\n                                            <\/div>\n                <\/div>\n            <\/div>\n                <\/div>\n        <style typr=\"text\/css\">\n                    #eael-img-accordion-bb0b68d .eael-image-accordion-hover:hover {\n                        flex: 3 1 0% !important;\n                    }\n                    #eael-img-accordion-bb0b68d .eael-image-accordion-hover:hover:hover .overlay-inner * {\n                        opacity: 1;\n                        visibility: visible;\n                        transform: none;\n                        transition: all .3s .3s;\n                    }\n                <\/style>\t\t\t\t<\/div>\n\t\t\t\t<\/div>\n\t\t\t\t\t<\/div>\n\t\t<\/div>\n\t\t\t\t\t<\/div>\n\t\t<\/section>\n\t\t\t\t<\/div>\n\t\t","protected":false},"excerpt":{"rendered":"<p>O CFL O CFL &#8211; Training Academy conta com duas boxes em Leiria: a box sul e a box norte. Para al\u00e9m de zonas de treino, temos tamb\u00e9m gabinete de nutri\u00e7\u00e3o, fisioterapia e zonas de bar e lounge para conforto dos nossos atletas. Temos v\u00e1rias \u00e1reas de treino destinadas a tipo de aulas diferentes. Na\u00a0Box [&hellip;]<\/p>\n","protected":false},"author":1,"featured_media":0,"parent":0,"menu_order":0,"comment_status":"closed","ping_status":"closed","template":"","meta":{"site-sidebar-layout":"no-sidebar","site-content-layout":"page-builder","ast-site-content-layout":"full-width-container","site-content-style":"unboxed","site-sidebar-style":"unboxed","ast-global-header-display":"","ast-banner-title-visibility":"","ast-main-header-display":"disabled","ast-hfb-above-header-display":"","ast-hfb-below-header-display":"","ast-hfb-mobile-header-display":"","site-post-title":"disabled","ast-breadcrumbs-content":"disabled","ast-featured-img":"disabled","footer-sml-layout":"disabled","theme-transparent-header-meta":"default","adv-header-id-meta":"","stick-header-meta":"","header-above-stick-meta":"","header-main-stick-meta":"","header-below-stick-meta":"","astra-migrate-meta-layouts":"set","ast-page-background-enabled":"default","ast-page-background-meta":{"desktop":{"background-color":"","background-image":"","background-repeat":"repeat","background-position":"center center","background-size":"auto","background-attachment":"scroll","background-type":"","background-media":"","overlay-type":"","overlay-color":"","overlay-opacity":"","overlay-gradient":""},"tablet":{"background-color":"","background-image":"","background-repeat":"repeat","background-position":"center center","background-size":"auto","background-attachment":"scroll","background-type":"","background-media":"","overlay-type":"","overlay-color":"","overlay-opacity":"","overlay-gradient":""},"mobile":{"background-color":"","background-image":"","background-repeat":"repeat","background-position":"center center","background-size":"auto","background-attachment":"scroll","background-type":"","background-media":"","overlay-type":"","overlay-color":"","overlay-opacity":"","overlay-gradient":""}},"ast-content-background-meta":{"desktop":{"background-color":"var(--ast-global-color-5)","background-image":"","background-repeat":"repeat","background-position":"center center","background-size":"auto","background-attachment":"scroll","background-type":"","background-media":"","overlay-type":"","overlay-color":"","overlay-opacity":"","overlay-gradient":""},"tablet":{"background-color":"var(--ast-global-color-5)","background-image":"","background-repeat":"repeat","background-position":"center center","background-size":"auto","background-attachment":"scroll","background-type":"","background-media":"","overlay-type":"","overlay-color":"","overlay-opacity":"","overlay-gradient":""},"mobile":{"background-color":"var(--ast-global-color-5)","background-image":"","background-repeat":"repeat","background-position":"center center","background-size":"auto","background-attachment":"scroll","background-type":"","background-media":"","overlay-type":"","overlay-color":"","overlay-opacity":"","overlay-gradient":""}},"footnotes":""},"class_list":["post-3774","page","type-page","status-publish","hentry"],"yoast_head":"<!-- This site is optimized with the Yoast SEO plugin v26.3 - https:\/\/yoast.com\/wordpress\/plugins\/seo\/ -->\n<title>O CFL - CFL - TRAINING ACADEMY<\/title>\n<meta name=\"robots\" content=\"index, follow, max-snippet:-1, max-image-preview:large, max-video-preview:-1\" \/>\n<link rel=\"canonical\" href=\"https:\/\/cfl-academy.com\/pt\/box\/\" \/>\n<meta property=\"og:locale\" content=\"pt_PT\" \/>\n<meta property=\"og:type\" content=\"article\" \/>\n<meta property=\"og:title\" content=\"O CFL - CFL - TRAINING ACADEMY\" \/>\n<meta property=\"og:description\" content=\"O CFL O CFL &#8211; Training Academy conta com duas boxes em Leiria: a box sul e a box norte. Para al\u00e9m de zonas de treino, temos tamb\u00e9m gabinete de nutri\u00e7\u00e3o, fisioterapia e zonas de bar e lounge para conforto dos nossos atletas. Temos v\u00e1rias \u00e1reas de treino destinadas a tipo de aulas diferentes. Na\u00a0Box [&hellip;]\" \/>\n<meta property=\"og:url\" content=\"https:\/\/cfl-academy.com\/pt\/box\/\" \/>\n<meta property=\"og:site_name\" content=\"CFL - TRAINING ACADEMY\" \/>\n<meta property=\"article:publisher\" content=\"https:\/\/www.facebook.com\/crossfitleiria\" \/>\n<meta property=\"article:modified_time\" content=\"2025-05-02T18:00:11+00:00\" \/>\n<meta property=\"og:image\" content=\"https:\/\/crossfitleiria.com\/wp-content\/uploads\/2025\/02\/CFL-Forging-Unique-Human-Beings.png\" \/>\n<meta name=\"twitter:card\" content=\"summary_large_image\" \/>\n<meta name=\"twitter:label1\" content=\"Tempo estimado de leitura\" \/>\n\t<meta name=\"twitter:data1\" content=\"1 minuto\" \/>\n<script type=\"application\/ld+json\" class=\"yoast-schema-graph\">{\"@context\":\"https:\/\/schema.org\",\"@graph\":[{\"@type\":\"WebPage\",\"@id\":\"https:\/\/cfl-academy.com\/pt\/box\/\",\"url\":\"https:\/\/cfl-academy.com\/pt\/box\/\",\"name\":\"O CFL - CFL - TRAINING ACADEMY\",\"isPartOf\":{\"@id\":\"https:\/\/cfl-academy.com\/pt\/#website\"},\"primaryImageOfPage\":{\"@id\":\"https:\/\/cfl-academy.com\/pt\/box\/#primaryimage\"},\"image\":{\"@id\":\"https:\/\/cfl-academy.com\/pt\/box\/#primaryimage\"},\"thumbnailUrl\":\"https:\/\/crossfitleiria.com\/wp-content\/uploads\/2025\/02\/CFL-Forging-Unique-Human-Beings.png\",\"datePublished\":\"2021-05-16T20:51:46+00:00\",\"dateModified\":\"2025-05-02T18:00:11+00:00\",\"breadcrumb\":{\"@id\":\"https:\/\/cfl-academy.com\/pt\/box\/#breadcrumb\"},\"inLanguage\":\"pt-PT\",\"potentialAction\":[{\"@type\":\"ReadAction\",\"target\":[\"https:\/\/cfl-academy.com\/pt\/box\/\"]}]},{\"@type\":\"ImageObject\",\"inLanguage\":\"pt-PT\",\"@id\":\"https:\/\/cfl-academy.com\/pt\/box\/#primaryimage\",\"url\":\"https:\/\/crossfitleiria.com\/wp-content\/uploads\/2025\/02\/CFL-Forging-Unique-Human-Beings.png\",\"contentUrl\":\"https:\/\/crossfitleiria.com\/wp-content\/uploads\/2025\/02\/CFL-Forging-Unique-Human-Beings.png\"},{\"@type\":\"BreadcrumbList\",\"@id\":\"https:\/\/cfl-academy.com\/pt\/box\/#breadcrumb\",\"itemListElement\":[{\"@type\":\"ListItem\",\"position\":1,\"name\":\"In\u00edcio\",\"item\":\"https:\/\/cfl-academy.com\/pt\/\"},{\"@type\":\"ListItem\",\"position\":2,\"name\":\"O CFL\"}]},{\"@type\":\"WebSite\",\"@id\":\"https:\/\/cfl-academy.com\/pt\/#website\",\"url\":\"https:\/\/cfl-academy.com\/pt\/\",\"name\":\"CFL Training Academy\",\"description\":\"gin\u00e1sio em Leiria\",\"publisher\":{\"@id\":\"https:\/\/cfl-academy.com\/pt\/#organization\"},\"potentialAction\":[{\"@type\":\"SearchAction\",\"target\":{\"@type\":\"EntryPoint\",\"urlTemplate\":\"https:\/\/cfl-academy.com\/pt\/?s={search_term_string}\"},\"query-input\":{\"@type\":\"PropertyValueSpecification\",\"valueRequired\":true,\"valueName\":\"search_term_string\"}}],\"inLanguage\":\"pt-PT\"},{\"@type\":\"Organization\",\"@id\":\"https:\/\/cfl-academy.com\/pt\/#organization\",\"name\":\"CFL Training Academy\",\"url\":\"https:\/\/cfl-academy.com\/pt\/\",\"logo\":{\"@type\":\"ImageObject\",\"inLanguage\":\"pt-PT\",\"@id\":\"https:\/\/cfl-academy.com\/pt\/#\/schema\/logo\/image\/\",\"url\":\"https:\/\/crossfitleiria.com\/wp-content\/uploads\/2025\/06\/cfl-02-logotipo-horizontal-01-cores-rgb-900px-w-72ppi.png\",\"contentUrl\":\"https:\/\/crossfitleiria.com\/wp-content\/uploads\/2025\/06\/cfl-02-logotipo-horizontal-01-cores-rgb-900px-w-72ppi.png\",\"width\":900,\"height\":430,\"caption\":\"CFL Training Academy\"},\"image\":{\"@id\":\"https:\/\/cfl-academy.com\/pt\/#\/schema\/logo\/image\/\"},\"sameAs\":[\"https:\/\/www.facebook.com\/crossfitleiria\",\"https:\/\/www.instagram.com\/cfltrainingacademy\/\"]}]}<\/script>\n<!-- \/ Yoast SEO plugin. -->","yoast_head_json":{"title":"O CFL - CFL - TRAINING ACADEMY","robots":{"index":"index","follow":"follow","max-snippet":"max-snippet:-1","max-image-preview":"max-image-preview:large","max-video-preview":"max-video-preview:-1"},"canonical":"https:\/\/cfl-academy.com\/pt\/box\/","og_locale":"pt_PT","og_type":"article","og_title":"O CFL - CFL - TRAINING ACADEMY","og_description":"O CFL O CFL &#8211; Training Academy conta com duas boxes em Leiria: a box sul e a box norte. Para al\u00e9m de zonas de treino, temos tamb\u00e9m gabinete de nutri\u00e7\u00e3o, fisioterapia e zonas de bar e lounge para conforto dos nossos atletas. Temos v\u00e1rias \u00e1reas de treino destinadas a tipo de aulas diferentes. Na\u00a0Box [&hellip;]","og_url":"https:\/\/cfl-academy.com\/pt\/box\/","og_site_name":"CFL - TRAINING ACADEMY","article_publisher":"https:\/\/www.facebook.com\/crossfitleiria","article_modified_time":"2025-05-02T18:00:11+00:00","og_image":[{"url":"https:\/\/crossfitleiria.com\/wp-content\/uploads\/2025\/02\/CFL-Forging-Unique-Human-Beings.png","type":"","width":"","height":""}],"twitter_card":"summary_large_image","twitter_misc":{"Tempo estimado de leitura":"1 minuto"},"schema":{"@context":"https:\/\/schema.org","@graph":[{"@type":"WebPage","@id":"https:\/\/cfl-academy.com\/pt\/box\/","url":"https:\/\/cfl-academy.com\/pt\/box\/","name":"O CFL - CFL - TRAINING ACADEMY","isPartOf":{"@id":"https:\/\/cfl-academy.com\/pt\/#website"},"primaryImageOfPage":{"@id":"https:\/\/cfl-academy.com\/pt\/box\/#primaryimage"},"image":{"@id":"https:\/\/cfl-academy.com\/pt\/box\/#primaryimage"},"thumbnailUrl":"https:\/\/crossfitleiria.com\/wp-content\/uploads\/2025\/02\/CFL-Forging-Unique-Human-Beings.png","datePublished":"2021-05-16T20:51:46+00:00","dateModified":"2025-05-02T18:00:11+00:00","breadcrumb":{"@id":"https:\/\/cfl-academy.com\/pt\/box\/#breadcrumb"},"inLanguage":"pt-PT","potentialAction":[{"@type":"ReadAction","target":["https:\/\/cfl-academy.com\/pt\/box\/"]}]},{"@type":"ImageObject","inLanguage":"pt-PT","@id":"https:\/\/cfl-academy.com\/pt\/box\/#primaryimage","url":"https:\/\/crossfitleiria.com\/wp-content\/uploads\/2025\/02\/CFL-Forging-Unique-Human-Beings.png","contentUrl":"https:\/\/crossfitleiria.com\/wp-content\/uploads\/2025\/02\/CFL-Forging-Unique-Human-Beings.png"},{"@type":"BreadcrumbList","@id":"https:\/\/cfl-academy.com\/pt\/box\/#breadcrumb","itemListElement":[{"@type":"ListItem","position":1,"name":"In\u00edcio","item":"https:\/\/cfl-academy.com\/pt\/"},{"@type":"ListItem","position":2,"name":"O CFL"}]},{"@type":"WebSite","@id":"https:\/\/cfl-academy.com\/pt\/#website","url":"https:\/\/cfl-academy.com\/pt\/","name":"CFL Training Academy","description":"gin\u00e1sio em Leiria","publisher":{"@id":"https:\/\/cfl-academy.com\/pt\/#organization"},"potentialAction":[{"@type":"SearchAction","target":{"@type":"EntryPoint","urlTemplate":"https:\/\/cfl-academy.com\/pt\/?s={search_term_string}"},"query-input":{"@type":"PropertyValueSpecification","valueRequired":true,"valueName":"search_term_string"}}],"inLanguage":"pt-PT"},{"@type":"Organization","@id":"https:\/\/cfl-academy.com\/pt\/#organization","name":"CFL Training Academy","url":"https:\/\/cfl-academy.com\/pt\/","logo":{"@type":"ImageObject","inLanguage":"pt-PT","@id":"https:\/\/cfl-academy.com\/pt\/#\/schema\/logo\/image\/","url":"https:\/\/crossfitleiria.com\/wp-content\/uploads\/2025\/06\/cfl-02-logotipo-horizontal-01-cores-rgb-900px-w-72ppi.png","contentUrl":"https:\/\/crossfitleiria.com\/wp-content\/uploads\/2025\/06\/cfl-02-logotipo-horizontal-01-cores-rgb-900px-w-72ppi.png","width":900,"height":430,"caption":"CFL Training Academy"},"image":{"@id":"https:\/\/cfl-academy.com\/pt\/#\/schema\/logo\/image\/"},"sameAs":["https:\/\/www.facebook.com\/crossfitleiria","https:\/\/www.instagram.com\/cfltrainingacademy\/"]}]}},"_links":{"self":[{"href":"https:\/\/cfl-academy.com\/pt\/wp-json\/wp\/v2\/pages\/3774","targetHints":{"allow":["GET"]}}],"collection":[{"href":"https:\/\/cfl-academy.com\/pt\/wp-json\/wp\/v2\/pages"}],"about":[{"href":"https:\/\/cfl-academy.com\/pt\/wp-json\/wp\/v2\/types\/page"}],"author":[{"embeddable":true,"href":"https:\/\/cfl-academy.com\/pt\/wp-json\/wp\/v2\/users\/1"}],"replies":[{"embeddable":true,"href":"https:\/\/cfl-academy.com\/pt\/wp-json\/wp\/v2\/comments?post=3774"}],"version-history":[{"count":96,"href":"https:\/\/cfl-academy.com\/pt\/wp-json\/wp\/v2\/pages\/3774\/revisions"}],"predecessor-version":[{"id":17600,"href":"https:\/\/cfl-academy.com\/pt\/wp-json\/wp\/v2\/pages\/3774\/revisions\/17600"}],"wp:attachment":[{"href":"https:\/\/cfl-academy.com\/pt\/wp-json\/wp\/v2\/media?parent=3774"}],"curies":[{"name":"wp","href":"https:\/\/api.w.org\/{rel}","templated":true}]}}