{"id":7796,"date":"2023-02-22T09:53:48","date_gmt":"2023-02-22T09:53:48","guid":{"rendered":"https:\/\/crossfitleiria.com\/?page_id=7796"},"modified":"2025-03-17T16:10:23","modified_gmt":"2025-03-17T16:10:23","slug":"a-primeira-vez","status":"publish","type":"page","link":"https:\/\/cfl-academy.com\/en\/a-primeira-vez\/","title":{"rendered":"A primeira vez"},"content":{"rendered":"\t\t<div data-elementor-type=\"wp-page\" data-elementor-id=\"7796\" class=\"elementor elementor-7796\">\n\t\t\t\t\t\t<section class=\"elementor-section elementor-top-section elementor-element elementor-element-7dc399c9 elementor-section-full_width elementor-section-height-min-height elementor-section-height-default elementor-section-items-middle\" data-id=\"7dc399c9\" data-element_type=\"section\" data-e-type=\"section\">\n\t\t\t\t\t\t<div class=\"elementor-container elementor-column-gap-no\">\n\t\t\t\t\t<div class=\"elementor-column elementor-col-100 elementor-top-column elementor-element elementor-element-3f80f65c\" data-id=\"3f80f65c\" data-element_type=\"column\" data-e-type=\"column\">\n\t\t\t<div class=\"elementor-widget-wrap elementor-element-populated\">\n\t\t\t\t<div class=\"elementor-element elementor-element-1f18aaa e-grid e-con-full e-con e-parent\" data-id=\"1f18aaa\" data-element_type=\"container\" data-e-type=\"container\" data-settings=\"{&quot;background_background&quot;:&quot;slideshow&quot;,&quot;background_slideshow_gallery&quot;:[{&quot;id&quot;:7814,&quot;url&quot;:&quot;https:\\\/\\\/crossfitleiria.com\\\/wp-content\\\/uploads\\\/2023\\\/02\\\/IMG_5478-scaled.jpg&quot;},{&quot;id&quot;:7816,&quot;url&quot;:&quot;https:\\\/\\\/crossfitleiria.com\\\/wp-content\\\/uploads\\\/2023\\\/02\\\/IMG_5595-scaled.jpg&quot;}],&quot;background_slideshow_ken_burns&quot;:&quot;yes&quot;,&quot;background_slideshow_loop&quot;:&quot;yes&quot;,&quot;background_slideshow_slide_duration&quot;:5000,&quot;background_slideshow_slide_transition&quot;:&quot;fade&quot;,&quot;background_slideshow_transition_duration&quot;:500,&quot;background_slideshow_ken_burns_zoom_direction&quot;:&quot;in&quot;}\">\n\t\t\t\t<\/div>\n\t\t\t\t\t<\/div>\n\t\t<\/div>\n\t\t\t\t\t<\/div>\n\t\t<\/section>\n\t\t\t\t<section class=\"elementor-section elementor-top-section elementor-element elementor-element-a4fe064 elementor-section-boxed elementor-section-height-default elementor-section-height-default\" data-id=\"a4fe064\" data-element_type=\"section\" data-e-type=\"section\" data-settings=\"{&quot;background_background&quot;:&quot;classic&quot;}\">\n\t\t\t\t\t\t<div class=\"elementor-container elementor-column-gap-default\">\n\t\t\t\t\t<div class=\"elementor-column elementor-col-100 elementor-top-column elementor-element elementor-element-9b03f02\" data-id=\"9b03f02\" data-element_type=\"column\" data-e-type=\"column\">\n\t\t\t<div class=\"elementor-widget-wrap elementor-element-populated\">\n\t\t\t\t\t\t<div class=\"elementor-element elementor-element-8694f9b elementor-widget elementor-widget-image\" data-id=\"8694f9b\" data-element_type=\"widget\" data-e-type=\"widget\" data-widget_type=\"image.default\">\n\t\t\t\t<div class=\"elementor-widget-container\">\n\t\t\t\t\t\t\t\t\t\t\t\t\t\t\t<img fetchpriority=\"high\" decoding=\"async\" width=\"800\" height=\"200\" src=\"https:\/\/cfl-academy.com\/wp-content\/uploads\/2025\/02\/CFL-Forging-Unique-Human-Beings.png\" class=\"attachment-large size-large wp-image-15812\" alt=\"CFL-Forging Unique Human Beings\" srcset=\"https:\/\/cfl-academy.com\/wp-content\/uploads\/2025\/02\/CFL-Forging-Unique-Human-Beings.png 800w, https:\/\/cfl-academy.com\/wp-content\/uploads\/2025\/02\/CFL-Forging-Unique-Human-Beings-300x75.png 300w, https:\/\/cfl-academy.com\/wp-content\/uploads\/2025\/02\/CFL-Forging-Unique-Human-Beings-768x192.png 768w, https:\/\/cfl-academy.com\/wp-content\/uploads\/2025\/02\/CFL-Forging-Unique-Human-Beings-18x5.png 18w\" sizes=\"(max-width: 800px) 100vw, 800px\" \/>\t\t\t\t\t\t\t\t\t\t\t\t\t\t\t<\/div>\n\t\t\t\t<\/div>\n\t\t\t\t\t<\/div>\n\t\t<\/div>\n\t\t\t\t\t<\/div>\n\t\t<\/section>\n\t\t\t\t<section class=\"elementor-section elementor-top-section elementor-element elementor-element-fa0f032 elementor-section-boxed elementor-section-height-default elementor-section-height-default\" data-id=\"fa0f032\" data-element_type=\"section\" data-e-type=\"section\">\n\t\t\t\t\t\t<div class=\"elementor-container elementor-column-gap-default\">\n\t\t\t\t\t<div class=\"elementor-column elementor-col-100 elementor-top-column elementor-element elementor-element-ad7425c\" data-id=\"ad7425c\" data-element_type=\"column\" data-e-type=\"column\">\n\t\t\t<div class=\"elementor-widget-wrap elementor-element-populated\">\n\t\t\t\t\t\t<div class=\"elementor-element elementor-element-9336b58 elementor-widget elementor-widget-heading\" data-id=\"9336b58\" data-element_type=\"widget\" data-e-type=\"widget\" data-widget_type=\"heading.default\">\n\t\t\t\t<div class=\"elementor-widget-container\">\n\t\t\t\t\t<h1 class=\"elementor-heading-title elementor-size-default\">a primeira vez<\/h1>\t\t\t\t<\/div>\n\t\t\t\t<\/div>\n\t\t\t\t\t<\/div>\n\t\t<\/div>\n\t\t\t\t\t<\/div>\n\t\t<\/section>\n\t\t\t\t<section class=\"elementor-section elementor-top-section elementor-element elementor-element-327e921 elementor-section-boxed elementor-section-height-default elementor-section-height-default\" data-id=\"327e921\" data-element_type=\"section\" data-e-type=\"section\">\n\t\t\t\t\t\t<div class=\"elementor-container elementor-column-gap-wider\">\n\t\t\t\t\t<div class=\"elementor-column elementor-col-50 elementor-top-column elementor-element elementor-element-e8fd6c6\" data-id=\"e8fd6c6\" data-element_type=\"column\" data-e-type=\"column\">\n\t\t\t<div class=\"elementor-widget-wrap elementor-element-populated\">\n\t\t\t\t\t\t<div class=\"elementor-element elementor-element-6221593 elementor-hidden-desktop elementor-hidden-tablet elementor-widget elementor-widget-video\" data-id=\"6221593\" data-element_type=\"widget\" data-e-type=\"widget\" data-settings=\"{&quot;youtube_url&quot;:&quot;https:\\\/\\\/youtube.com\\\/watch?v=BvkQIvX6oNc&amp;si=EnSIkaIECMiOmarE&quot;,&quot;video_type&quot;:&quot;youtube&quot;,&quot;controls&quot;:&quot;yes&quot;}\" data-widget_type=\"video.default\">\n\t\t\t\t<div class=\"elementor-widget-container\">\n\t\t\t\t\t\t\t<div class=\"elementor-wrapper elementor-open-inline\">\n\t\t\t<div class=\"elementor-video\"><\/div>\t\t<\/div>\n\t\t\t\t\t\t<\/div>\n\t\t\t\t<\/div>\n\t\t\t\t<div class=\"elementor-element elementor-element-1444bd2 elementor-widget elementor-widget-text-editor\" data-id=\"1444bd2\" data-element_type=\"widget\" data-e-type=\"widget\" data-widget_type=\"text-editor.default\">\n\t\t\t\t<div class=\"elementor-widget-container\">\n\t\t\t\t\t\t\t\t\t<p>Sabemos que experimentar algo novo pode ser um pouco intimidante, mas estamos aqui para te ajudar em cada etapa do processo. O nosso staff \u00e9 experiente e amig\u00e1vel e est\u00e1 preparado para oferecer todo o acompanhamento necess\u00e1rio para que te sintas confort\u00e1vel, seguro e confiante durante a tua primeira aula.<\/p><p>Ao chegares \u00e0 box vai ser recebido pela nossa Hostess que te vai acompanhar at\u00e9 ao in\u00edcio da aula. Antes de come\u00e7ar a aula, ser\u00e1s apresentado ao Coach que te vai dar toda a informa\u00e7\u00e3o necess\u00e1ria e ajudar-te com todas as tuas d\u00favidas. Ele conversar contigo para entender as tuas necessidades e objetivos, bem como avaliar o teu n\u00edvel atual de condicionamento f\u00edsico.Durante o treino, o Coach estar\u00e1 sempre atento, oferecendo orienta\u00e7\u00e3o e feedback ajustando o teu treino de acordo com as tuas necessidades. Nunca te sentir\u00e1s perdido ou isolado durante a aula &#8211; nosso Coach estar\u00e1 sempre contigo.<\/p><p>Os nossos Coaches t\u00eam ampla experi\u00eancia na adapta\u00e7\u00e3o de exerc\u00edcios para que se adequem \u00e0s limita\u00e7\u00f5es f\u00edsicas de cada atleta. Se tiveres alguma restri\u00e7\u00e3o devido a les\u00f5es ou outras condi\u00e7\u00f5es, o Coach pode modificar os exerc\u00edcios para garantir que tenhas um treino desafiante e eficaz.<\/p>\t\t\t\t\t\t\t\t<\/div>\n\t\t\t\t<\/div>\n\t\t\t\t\t<\/div>\n\t\t<\/div>\n\t\t\t\t<div class=\"elementor-column elementor-col-50 elementor-top-column elementor-element elementor-element-6f002d6\" data-id=\"6f002d6\" data-element_type=\"column\" data-e-type=\"column\">\n\t\t\t<div class=\"elementor-widget-wrap elementor-element-populated\">\n\t\t\t\t\t\t<div class=\"elementor-element elementor-element-6707519 elementor-widget elementor-widget-video\" data-id=\"6707519\" data-element_type=\"widget\" data-e-type=\"widget\" data-settings=\"{&quot;youtube_url&quot;:&quot;https:\\\/\\\/www.youtube.com\\\/watch?v=BvkQIvX6oNc&amp;t=1s&quot;,&quot;video_type&quot;:&quot;youtube&quot;,&quot;controls&quot;:&quot;yes&quot;}\" data-widget_type=\"video.default\">\n\t\t\t\t<div class=\"elementor-widget-container\">\n\t\t\t\t\t\t\t<div class=\"elementor-wrapper elementor-open-inline\">\n\t\t\t<div class=\"elementor-video\"><\/div>\t\t<\/div>\n\t\t\t\t\t\t<\/div>\n\t\t\t\t<\/div>\n\t\t\t\t<div class=\"elementor-element elementor-element-cd7c82a elementor-widget elementor-widget-text-editor\" data-id=\"cd7c82a\" data-element_type=\"widget\" data-e-type=\"widget\" data-widget_type=\"text-editor.default\">\n\t\t\t\t<div class=\"elementor-widget-container\">\n\t\t\t\t\t\t\t\t\t<p>No final da aula, o Coach ir\u00e1 conversar contigo para obter feedback sobre a tua experi\u00eancia. Ele vai responder a quaisquer d\u00favidas ou preocupa\u00e7\u00f5es que tenhas dar orienta\u00e7\u00e3o sobre a melhor forma para alcan\u00e7ares os teus objetivos de fitness. Esperamos que gostes da tua primeira aula de Crossfit e que termines ansioso para voltar \u00e0 pr\u00f3xima aula.<\/p><p><strong>Lembra-te, estamos aqui para te ajudar em cada etapa do caminho!<\/strong><\/p>\t\t\t\t\t\t\t\t<\/div>\n\t\t\t\t<\/div>\n\t\t\t\t\t<\/div>\n\t\t<\/div>\n\t\t\t\t\t<\/div>\n\t\t<\/section>\n\t\t\t\t<\/div>\n\t\t","protected":false},"excerpt":{"rendered":"<p>a primeira vez https:\/\/youtube.com\/watch?v=BvkQIvX6oNc&#038;si=EnSIkaIECMiOmarE Sabemos que experimentar algo novo pode ser um pouco intimidante, mas estamos aqui para te ajudar em cada etapa do processo. O nosso staff \u00e9 experiente e amig\u00e1vel e est\u00e1 preparado para oferecer todo o acompanhamento necess\u00e1rio para que te sintas confort\u00e1vel, seguro e confiante durante a tua primeira aula. Ao [&hellip;]<\/p>\n","protected":false},"author":1,"featured_media":0,"parent":0,"menu_order":0,"comment_status":"closed","ping_status":"closed","template":"","meta":{"site-sidebar-layout":"no-sidebar","site-content-layout":"page-builder","ast-site-content-layout":"default","site-content-style":"default","site-sidebar-style":"default","ast-global-header-display":"","ast-banner-title-visibility":"","ast-main-header-display":"disabled","ast-hfb-above-header-display":"","ast-hfb-below-header-display":"","ast-hfb-mobile-header-display":"","site-post-title":"disabled","ast-breadcrumbs-content":"disabled","ast-featured-img":"disabled","footer-sml-layout":"disabled","theme-transparent-header-meta":"default","adv-header-id-meta":"","stick-header-meta":"","header-above-stick-meta":"","header-main-stick-meta":"","header-below-stick-meta":"","astra-migrate-meta-layouts":"default","ast-page-background-enabled":"default","ast-page-background-meta":{"desktop":{"background-color":"","background-image":"","background-repeat":"repeat","background-position":"center center","background-size":"auto","background-attachment":"scroll","background-type":"","background-media":"","overlay-type":"","overlay-color":"","overlay-opacity":"","overlay-gradient":""},"tablet":{"background-color":"","background-image":"","background-repeat":"repeat","background-position":"center center","background-size":"auto","background-attachment":"scroll","background-type":"","background-media":"","overlay-type":"","overlay-color":"","overlay-opacity":"","overlay-gradient":""},"mobile":{"background-color":"","background-image":"","background-repeat":"repeat","background-position":"center center","background-size":"auto","background-attachment":"scroll","background-type":"","background-media":"","overlay-type":"","overlay-color":"","overlay-opacity":"","overlay-gradient":""}},"ast-content-background-meta":{"desktop":{"background-color":"var(--ast-global-color-5)","background-image":"","background-repeat":"repeat","background-position":"center center","background-size":"auto","background-attachment":"scroll","background-type":"","background-media":"","overlay-type":"","overlay-color":"","overlay-opacity":"","overlay-gradient":""},"tablet":{"background-color":"var(--ast-global-color-5)","background-image":"","background-repeat":"repeat","background-position":"center center","background-size":"auto","background-attachment":"scroll","background-type":"","background-media":"","overlay-type":"","overlay-color":"","overlay-opacity":"","overlay-gradient":""},"mobile":{"background-color":"var(--ast-global-color-5)","background-image":"","background-repeat":"repeat","background-position":"center center","background-size":"auto","background-attachment":"scroll","background-type":"","background-media":"","overlay-type":"","overlay-color":"","overlay-opacity":"","overlay-gradient":""}},"footnotes":""},"class_list":["post-7796","page","type-page","status-publish","hentry"],"yoast_head":"<!-- This site is optimized with the Yoast SEO plugin v26.3 - https:\/\/yoast.com\/wordpress\/plugins\/seo\/ -->\n<title>A primeira vez - CFL - TRAINING ACADEMY<\/title>\n<meta name=\"robots\" content=\"index, follow, max-snippet:-1, max-image-preview:large, max-video-preview:-1\" \/>\n<link rel=\"canonical\" href=\"https:\/\/cfl-academy.com\/en\/a-primeira-vez\/\" \/>\n<meta property=\"og:locale\" content=\"en_GB\" \/>\n<meta property=\"og:type\" content=\"article\" \/>\n<meta property=\"og:title\" content=\"A primeira vez - CFL - TRAINING ACADEMY\" \/>\n<meta property=\"og:description\" content=\"a primeira vez https:\/\/youtube.com\/watch?v=BvkQIvX6oNc&#038;si=EnSIkaIECMiOmarE Sabemos que experimentar algo novo pode ser um pouco intimidante, mas estamos aqui para te ajudar em cada etapa do processo. O nosso staff \u00e9 experiente e amig\u00e1vel e est\u00e1 preparado para oferecer todo o acompanhamento necess\u00e1rio para que te sintas confort\u00e1vel, seguro e confiante durante a tua primeira aula. Ao [&hellip;]\" \/>\n<meta property=\"og:url\" content=\"https:\/\/cfl-academy.com\/en\/a-primeira-vez\/\" \/>\n<meta property=\"og:site_name\" content=\"CFL - TRAINING ACADEMY\" \/>\n<meta property=\"article:publisher\" content=\"https:\/\/www.facebook.com\/crossfitleiria\" \/>\n<meta property=\"article:modified_time\" content=\"2025-03-17T16:10:23+00:00\" \/>\n<meta property=\"og:image\" content=\"https:\/\/crossfitleiria.com\/wp-content\/uploads\/2025\/02\/CFL-Forging-Unique-Human-Beings.png\" \/>\n<meta name=\"twitter:card\" content=\"summary_large_image\" \/>\n<meta name=\"twitter:label1\" content=\"Estimated reading time\" \/>\n\t<meta name=\"twitter:data1\" content=\"2 minutes\" \/>\n<script type=\"application\/ld+json\" class=\"yoast-schema-graph\">{\"@context\":\"https:\/\/schema.org\",\"@graph\":[{\"@type\":\"WebPage\",\"@id\":\"https:\/\/cfl-academy.com\/pt\/a-primeira-vez\/\",\"url\":\"https:\/\/cfl-academy.com\/pt\/a-primeira-vez\/\",\"name\":\"A primeira vez - CFL - TRAINING ACADEMY\",\"isPartOf\":{\"@id\":\"https:\/\/cfl-academy.com\/pt\/#website\"},\"primaryImageOfPage\":{\"@id\":\"https:\/\/cfl-academy.com\/pt\/a-primeira-vez\/#primaryimage\"},\"image\":{\"@id\":\"https:\/\/cfl-academy.com\/pt\/a-primeira-vez\/#primaryimage\"},\"thumbnailUrl\":\"https:\/\/crossfitleiria.com\/wp-content\/uploads\/2025\/02\/CFL-Forging-Unique-Human-Beings.png\",\"datePublished\":\"2023-02-22T09:53:48+00:00\",\"dateModified\":\"2025-03-17T16:10:23+00:00\",\"breadcrumb\":{\"@id\":\"https:\/\/cfl-academy.com\/pt\/a-primeira-vez\/#breadcrumb\"},\"inLanguage\":\"en-GB\",\"potentialAction\":[{\"@type\":\"ReadAction\",\"target\":[\"https:\/\/cfl-academy.com\/pt\/a-primeira-vez\/\"]}]},{\"@type\":\"ImageObject\",\"inLanguage\":\"en-GB\",\"@id\":\"https:\/\/cfl-academy.com\/pt\/a-primeira-vez\/#primaryimage\",\"url\":\"https:\/\/crossfitleiria.com\/wp-content\/uploads\/2025\/02\/CFL-Forging-Unique-Human-Beings.png\",\"contentUrl\":\"https:\/\/crossfitleiria.com\/wp-content\/uploads\/2025\/02\/CFL-Forging-Unique-Human-Beings.png\"},{\"@type\":\"BreadcrumbList\",\"@id\":\"https:\/\/cfl-academy.com\/pt\/a-primeira-vez\/#breadcrumb\",\"itemListElement\":[{\"@type\":\"ListItem\",\"position\":1,\"name\":\"In\u00edcio\",\"item\":\"https:\/\/cfl-academy.com\/pt\/\"},{\"@type\":\"ListItem\",\"position\":2,\"name\":\"A primeira vez\"}]},{\"@type\":\"WebSite\",\"@id\":\"https:\/\/cfl-academy.com\/pt\/#website\",\"url\":\"https:\/\/cfl-academy.com\/pt\/\",\"name\":\"CFL Training Academy\",\"description\":\"gin\u00e1sio em Leiria\",\"publisher\":{\"@id\":\"https:\/\/cfl-academy.com\/pt\/#organization\"},\"potentialAction\":[{\"@type\":\"SearchAction\",\"target\":{\"@type\":\"EntryPoint\",\"urlTemplate\":\"https:\/\/cfl-academy.com\/pt\/?s={search_term_string}\"},\"query-input\":{\"@type\":\"PropertyValueSpecification\",\"valueRequired\":true,\"valueName\":\"search_term_string\"}}],\"inLanguage\":\"en-GB\"},{\"@type\":\"Organization\",\"@id\":\"https:\/\/cfl-academy.com\/pt\/#organization\",\"name\":\"CFL Training Academy\",\"url\":\"https:\/\/cfl-academy.com\/pt\/\",\"logo\":{\"@type\":\"ImageObject\",\"inLanguage\":\"en-GB\",\"@id\":\"https:\/\/cfl-academy.com\/pt\/#\/schema\/logo\/image\/\",\"url\":\"https:\/\/crossfitleiria.com\/wp-content\/uploads\/2025\/06\/cfl-02-logotipo-horizontal-01-cores-rgb-900px-w-72ppi.png\",\"contentUrl\":\"https:\/\/crossfitleiria.com\/wp-content\/uploads\/2025\/06\/cfl-02-logotipo-horizontal-01-cores-rgb-900px-w-72ppi.png\",\"width\":900,\"height\":430,\"caption\":\"CFL Training Academy\"},\"image\":{\"@id\":\"https:\/\/cfl-academy.com\/pt\/#\/schema\/logo\/image\/\"},\"sameAs\":[\"https:\/\/www.facebook.com\/crossfitleiria\",\"https:\/\/www.instagram.com\/cfltrainingacademy\/\"]}]}<\/script>\n<!-- \/ Yoast SEO plugin. -->","yoast_head_json":{"title":"A primeira vez - CFL - TRAINING ACADEMY","robots":{"index":"index","follow":"follow","max-snippet":"max-snippet:-1","max-image-preview":"max-image-preview:large","max-video-preview":"max-video-preview:-1"},"canonical":"https:\/\/cfl-academy.com\/en\/a-primeira-vez\/","og_locale":"en_GB","og_type":"article","og_title":"A primeira vez - CFL - TRAINING ACADEMY","og_description":"a primeira vez https:\/\/youtube.com\/watch?v=BvkQIvX6oNc&#038;si=EnSIkaIECMiOmarE Sabemos que experimentar algo novo pode ser um pouco intimidante, mas estamos aqui para te ajudar em cada etapa do processo. O nosso staff \u00e9 experiente e amig\u00e1vel e est\u00e1 preparado para oferecer todo o acompanhamento necess\u00e1rio para que te sintas confort\u00e1vel, seguro e confiante durante a tua primeira aula. Ao [&hellip;]","og_url":"https:\/\/cfl-academy.com\/en\/a-primeira-vez\/","og_site_name":"CFL - TRAINING ACADEMY","article_publisher":"https:\/\/www.facebook.com\/crossfitleiria","article_modified_time":"2025-03-17T16:10:23+00:00","og_image":[{"url":"https:\/\/crossfitleiria.com\/wp-content\/uploads\/2025\/02\/CFL-Forging-Unique-Human-Beings.png","type":"","width":"","height":""}],"twitter_card":"summary_large_image","twitter_misc":{"Estimated reading time":"2 minutes"},"schema":{"@context":"https:\/\/schema.org","@graph":[{"@type":"WebPage","@id":"https:\/\/cfl-academy.com\/pt\/a-primeira-vez\/","url":"https:\/\/cfl-academy.com\/pt\/a-primeira-vez\/","name":"A primeira vez - CFL - TRAINING ACADEMY","isPartOf":{"@id":"https:\/\/cfl-academy.com\/pt\/#website"},"primaryImageOfPage":{"@id":"https:\/\/cfl-academy.com\/pt\/a-primeira-vez\/#primaryimage"},"image":{"@id":"https:\/\/cfl-academy.com\/pt\/a-primeira-vez\/#primaryimage"},"thumbnailUrl":"https:\/\/crossfitleiria.com\/wp-content\/uploads\/2025\/02\/CFL-Forging-Unique-Human-Beings.png","datePublished":"2023-02-22T09:53:48+00:00","dateModified":"2025-03-17T16:10:23+00:00","breadcrumb":{"@id":"https:\/\/cfl-academy.com\/pt\/a-primeira-vez\/#breadcrumb"},"inLanguage":"en-GB","potentialAction":[{"@type":"ReadAction","target":["https:\/\/cfl-academy.com\/pt\/a-primeira-vez\/"]}]},{"@type":"ImageObject","inLanguage":"en-GB","@id":"https:\/\/cfl-academy.com\/pt\/a-primeira-vez\/#primaryimage","url":"https:\/\/crossfitleiria.com\/wp-content\/uploads\/2025\/02\/CFL-Forging-Unique-Human-Beings.png","contentUrl":"https:\/\/crossfitleiria.com\/wp-content\/uploads\/2025\/02\/CFL-Forging-Unique-Human-Beings.png"},{"@type":"BreadcrumbList","@id":"https:\/\/cfl-academy.com\/pt\/a-primeira-vez\/#breadcrumb","itemListElement":[{"@type":"ListItem","position":1,"name":"In\u00edcio","item":"https:\/\/cfl-academy.com\/pt\/"},{"@type":"ListItem","position":2,"name":"A primeira vez"}]},{"@type":"WebSite","@id":"https:\/\/cfl-academy.com\/pt\/#website","url":"https:\/\/cfl-academy.com\/pt\/","name":"CFL Training Academy","description":"gin\u00e1sio em Leiria","publisher":{"@id":"https:\/\/cfl-academy.com\/pt\/#organization"},"potentialAction":[{"@type":"SearchAction","target":{"@type":"EntryPoint","urlTemplate":"https:\/\/cfl-academy.com\/pt\/?s={search_term_string}"},"query-input":{"@type":"PropertyValueSpecification","valueRequired":true,"valueName":"search_term_string"}}],"inLanguage":"en-GB"},{"@type":"Organization","@id":"https:\/\/cfl-academy.com\/pt\/#organization","name":"CFL Training Academy","url":"https:\/\/cfl-academy.com\/pt\/","logo":{"@type":"ImageObject","inLanguage":"en-GB","@id":"https:\/\/cfl-academy.com\/pt\/#\/schema\/logo\/image\/","url":"https:\/\/crossfitleiria.com\/wp-content\/uploads\/2025\/06\/cfl-02-logotipo-horizontal-01-cores-rgb-900px-w-72ppi.png","contentUrl":"https:\/\/crossfitleiria.com\/wp-content\/uploads\/2025\/06\/cfl-02-logotipo-horizontal-01-cores-rgb-900px-w-72ppi.png","width":900,"height":430,"caption":"CFL Training Academy"},"image":{"@id":"https:\/\/cfl-academy.com\/pt\/#\/schema\/logo\/image\/"},"sameAs":["https:\/\/www.facebook.com\/crossfitleiria","https:\/\/www.instagram.com\/cfltrainingacademy\/"]}]}},"_links":{"self":[{"href":"https:\/\/cfl-academy.com\/en\/wp-json\/wp\/v2\/pages\/7796","targetHints":{"allow":["GET"]}}],"collection":[{"href":"https:\/\/cfl-academy.com\/en\/wp-json\/wp\/v2\/pages"}],"about":[{"href":"https:\/\/cfl-academy.com\/en\/wp-json\/wp\/v2\/types\/page"}],"author":[{"embeddable":true,"href":"https:\/\/cfl-academy.com\/en\/wp-json\/wp\/v2\/users\/1"}],"replies":[{"embeddable":true,"href":"https:\/\/cfl-academy.com\/en\/wp-json\/wp\/v2\/comments?post=7796"}],"version-history":[{"count":105,"href":"https:\/\/cfl-academy.com\/en\/wp-json\/wp\/v2\/pages\/7796\/revisions"}],"predecessor-version":[{"id":16925,"href":"https:\/\/cfl-academy.com\/en\/wp-json\/wp\/v2\/pages\/7796\/revisions\/16925"}],"wp:attachment":[{"href":"https:\/\/cfl-academy.com\/en\/wp-json\/wp\/v2\/media?parent=7796"}],"curies":[{"name":"wp","href":"https:\/\/api.w.org\/{rel}","templated":true}]}}