{"id":11621,"date":"2023-12-18T10:01:08","date_gmt":"2023-12-18T10:01:08","guid":{"rendered":"https:\/\/crossfitleiria.com\/?page_id=11621"},"modified":"2025-03-15T18:05:16","modified_gmt":"2025-03-15T18:05:16","slug":"politica-de-privacidade","status":"publish","type":"page","link":"https:\/\/cfl-academy.com\/en\/politica-de-privacidade\/","title":{"rendered":"Pol\u00edtica de Privacidade"},"content":{"rendered":"<div data-elementor-type=\"wp-page\" data-elementor-id=\"11621\" class=\"elementor elementor-11621\">\n\t\t\t\t\t\t<section class=\"elementor-section elementor-top-section elementor-element elementor-element-4033764d elementor-section-full_width elementor-section-height-min-height elementor-section-height-default elementor-section-items-middle\" data-id=\"4033764d\" data-element_type=\"section\" data-e-type=\"section\" data-settings=\"{&quot;background_background&quot;:&quot;classic&quot;}\">\n\t\t\t\t\t\t<div class=\"elementor-container elementor-column-gap-no\">\n\t\t\t\t\t<div class=\"elementor-column elementor-col-100 elementor-top-column elementor-element elementor-element-2be81551\" data-id=\"2be81551\" data-element_type=\"column\" data-e-type=\"column\">\n\t\t\t<div class=\"elementor-widget-wrap\">\n\t\t\t\t\t\t\t<\/div>\n\t\t<\/div>\n\t\t\t\t\t<\/div>\n\t\t<\/section>\n\t\t\t\t<section class=\"elementor-section elementor-top-section elementor-element elementor-element-6ec9edb5 elementor-section-boxed elementor-section-height-default elementor-section-height-default\" data-id=\"6ec9edb5\" data-element_type=\"section\" data-e-type=\"section\" data-settings=\"{&quot;background_background&quot;:&quot;classic&quot;}\">\n\t\t\t\t\t\t<div class=\"elementor-container elementor-column-gap-default\">\n\t\t\t\t\t<div class=\"elementor-column elementor-col-100 elementor-top-column elementor-element elementor-element-11710e36\" data-id=\"11710e36\" data-element_type=\"column\" data-e-type=\"column\">\n\t\t\t<div class=\"elementor-widget-wrap elementor-element-populated\">\n\t\t\t\t\t\t\t<\/div>\n\t\t<\/div>\n\t\t\t\t\t<\/div>\n\t\t<\/section>\n\t\t\t\t<section class=\"elementor-section elementor-top-section elementor-element elementor-element-693d28c2 elementor-section-content-middle elementor-section-boxed elementor-section-height-default elementor-section-height-default\" data-id=\"693d28c2\" data-element_type=\"section\" data-e-type=\"section\">\n\t\t\t\t\t\t<div class=\"elementor-container elementor-column-gap-no\">\n\t\t\t\t\t<div class=\"elementor-column elementor-col-100 elementor-top-column elementor-element elementor-element-6533e0e6\" data-id=\"6533e0e6\" data-element_type=\"column\" data-e-type=\"column\">\n\t\t\t<div class=\"elementor-widget-wrap elementor-element-populated\">\n\t\t\t\t\t\t<div class=\"elementor-element elementor-element-23cc8373 elementor-widget elementor-widget-heading\" data-id=\"23cc8373\" data-element_type=\"widget\" data-e-type=\"widget\" data-widget_type=\"heading.default\">\n\t\t\t\t<div class=\"elementor-widget-container\">\n\t\t\t\t\t<p class=\"elementor-heading-title elementor-size-default\">Privacy Policy<\/p>\t\t\t\t<\/div>\n\t\t\t\t<\/div>\n\t\t\t\t\t<\/div>\n\t\t<\/div>\n\t\t\t\t\t<\/div>\n\t\t<\/section>\n\t\t\t\t<section class=\"elementor-section elementor-top-section elementor-element elementor-element-492e0d0 elementor-section-content-middle elementor-section-boxed elementor-section-height-default elementor-section-height-default\" data-id=\"492e0d0\" data-element_type=\"section\" data-e-type=\"section\">\n\t\t\t\t\t\t<div class=\"elementor-container elementor-column-gap-no\">\n\t\t\t\t\t<div class=\"elementor-column elementor-col-100 elementor-top-column elementor-element elementor-element-e393262\" data-id=\"e393262\" data-element_type=\"column\" data-e-type=\"column\">\n\t\t\t<div class=\"elementor-widget-wrap elementor-element-populated\">\n\t\t\t\t\t\t<div class=\"elementor-element elementor-element-2302604 elementor-widget__width-initial elementor-widget elementor-widget-text-editor\" data-id=\"2302604\" data-element_type=\"widget\" data-e-type=\"widget\" data-widget_type=\"text-editor.default\">\n\t\t\t\t<div class=\"elementor-widget-container\">\n\t\t\t\t\t\t\t\t\t<p><strong>Welcome to the CrossFit Leiria website!<\/strong><\/p><p>Your privacy is important to us. This Privacy Policy explains how we collect, use, disclose, and protect your personal information when you use our online services, including this website.<\/p><p><strong>Information We Collect:<\/strong><\/p><ol><li><strong>Personal Information:<\/strong> We may collect personal information such as your name, email address, phone number, age, gender, and other relevant details for your registration in activities or events.<\/li><li><strong>Payment Information:<\/strong> When making purchases or registering for events, we may collect payment information, such as credit card details.<\/li><li><strong>Device Information:<\/strong>\u00a0We may collect information about your device, such as IP address, browser type, operating system, and cookie data.<\/li><\/ol><p>\u00a0<\/p><p><strong>How We Use Your Information:<\/strong><\/p><ol><li><strong>Service Provision:\u00a0<\/strong>We use your information to provide the requested services, such as class registration, payment processing, and communication about events.<\/li><li><strong>Service Improvement:<\/strong>\u00a0We use the information to understand how users interact with our website and continuously improve the quality of our services.<\/li><li><strong>Communication:\u00a0<\/strong>We may send you communications related to your registration, updates about our services, or information about special events.<\/li><\/ol><p>\u00a0<\/p><p><strong>Information Sharing:<br \/><\/strong>We do not share your personal information with third parties, except when necessary to provide the requested services or when required by law.<\/p><p>\u00a0<\/p><p><strong>Information Security:<br \/><\/strong>We employ security measures to protect your information from unauthorized access, alteration, disclosure, or unauthorized destruction.<\/p><p>\u00a0<\/p><p><strong>Your Rights:<br \/><\/strong>You have the right to access, correct, delete, or transfer your personal information. Contact us if you need assistance with these options.<\/p><p>\u00a0<\/p><p><strong>Changes to This Policy:<br \/><\/strong>We reserve the right to update this Privacy Policy as needed. We recommend reviewing it periodically to stay informed about any changes.  \n\nBy using our website, you agree to the terms of this Privacy Policy. If you have any questions or concerns, please contact us at\u00a0<strong><span style=\"color: #dcc493;\"><a style=\"color: #dcc493;\" href=\"mailto:geral@cfl-academy.com\">geral@cfl-academy.com<\/a><\/span><\/strong><\/p>\t\t\t\t\t\t\t\t<\/div>\n\t\t\t\t<\/div>\n\t\t\t\t\t<\/div>\n\t\t<\/div>\n\t\t\t\t\t<\/div>\n\t\t<\/section>\n\t\t\t\t<\/div>","protected":false},"excerpt":{"rendered":"<p>pol\u00edtica de privacidade Bem-vindo ao site\u00a0Crossfit Leiria! A sua privacidade \u00e9 importante para n\u00f3s. Esta pol\u00edtica de privacidade explica como recolhemos, usamos, divulgamos e protegemos as suas informa\u00e7\u00f5es pessoais quando utiliza os nossos servi\u00e7os online, incluindo este site. Informa\u00e7\u00f5es que Recolhemos: Informa\u00e7\u00f5es Pessoais: Podemos recolher informa\u00e7\u00f5es pessoais, como nome, endere\u00e7o de e-mail, n\u00famero de telefone, [&hellip;]<\/p>\n","protected":false},"author":1,"featured_media":0,"parent":0,"menu_order":0,"comment_status":"closed","ping_status":"closed","template":"","meta":{"site-sidebar-layout":"no-sidebar","site-content-layout":"page-builder","ast-site-content-layout":"default","site-content-style":"default","site-sidebar-style":"default","ast-global-header-display":"","ast-banner-title-visibility":"","ast-main-header-display":"disabled","ast-hfb-above-header-display":"","ast-hfb-below-header-display":"","ast-hfb-mobile-header-display":"","site-post-title":"disabled","ast-breadcrumbs-content":"disabled","ast-featured-img":"disabled","footer-sml-layout":"disabled","theme-transparent-header-meta":"default","adv-header-id-meta":"","stick-header-meta":"","header-above-stick-meta":"","header-main-stick-meta":"","header-below-stick-meta":"","astra-migrate-meta-layouts":"default","ast-page-background-enabled":"default","ast-page-background-meta":{"desktop":{"background-color":"","background-image":"","background-repeat":"repeat","background-position":"center center","background-size":"auto","background-attachment":"scroll","background-type":"","background-media":"","overlay-type":"","overlay-color":"","overlay-opacity":"","overlay-gradient":""},"tablet":{"background-color":"","background-image":"","background-repeat":"repeat","background-position":"center center","background-size":"auto","background-attachment":"scroll","background-type":"","background-media":"","overlay-type":"","overlay-color":"","overlay-opacity":"","overlay-gradient":""},"mobile":{"background-color":"","background-image":"","background-repeat":"repeat","background-position":"center center","background-size":"auto","background-attachment":"scroll","background-type":"","background-media":"","overlay-type":"","overlay-color":"","overlay-opacity":"","overlay-gradient":""}},"ast-content-background-meta":{"desktop":{"background-color":"var(--ast-global-color-5)","background-image":"","background-repeat":"repeat","background-position":"center center","background-size":"auto","background-attachment":"scroll","background-type":"","background-media":"","overlay-type":"","overlay-color":"","overlay-opacity":"","overlay-gradient":""},"tablet":{"background-color":"var(--ast-global-color-5)","background-image":"","background-repeat":"repeat","background-position":"center center","background-size":"auto","background-attachment":"scroll","background-type":"","background-media":"","overlay-type":"","overlay-color":"","overlay-opacity":"","overlay-gradient":""},"mobile":{"background-color":"var(--ast-global-color-5)","background-image":"","background-repeat":"repeat","background-position":"center center","background-size":"auto","background-attachment":"scroll","background-type":"","background-media":"","overlay-type":"","overlay-color":"","overlay-opacity":"","overlay-gradient":""}},"footnotes":""},"class_list":["post-11621","page","type-page","status-publish","hentry"],"yoast_head":"<!-- This site is optimized with the Yoast SEO plugin v26.3 - https:\/\/yoast.com\/wordpress\/plugins\/seo\/ -->\n<title>Pol\u00edtica de Privacidade - CFL - TRAINING ACADEMY<\/title>\n<meta name=\"robots\" content=\"index, follow, max-snippet:-1, max-image-preview:large, max-video-preview:-1\" \/>\n<link rel=\"canonical\" href=\"https:\/\/cfl-academy.com\/en\/politica-de-privacidade\/\" \/>\n<meta property=\"og:locale\" content=\"en_GB\" \/>\n<meta property=\"og:type\" content=\"article\" \/>\n<meta property=\"og:title\" content=\"Pol\u00edtica de Privacidade - CFL - TRAINING ACADEMY\" \/>\n<meta property=\"og:description\" content=\"pol\u00edtica de privacidade Bem-vindo ao site\u00a0Crossfit Leiria! A sua privacidade \u00e9 importante para n\u00f3s. Esta pol\u00edtica de privacidade explica como recolhemos, usamos, divulgamos e protegemos as suas informa\u00e7\u00f5es pessoais quando utiliza os nossos servi\u00e7os online, incluindo este site. Informa\u00e7\u00f5es que Recolhemos: Informa\u00e7\u00f5es Pessoais: Podemos recolher informa\u00e7\u00f5es pessoais, como nome, endere\u00e7o de e-mail, n\u00famero de telefone, [&hellip;]\" \/>\n<meta property=\"og:url\" content=\"https:\/\/cfl-academy.com\/en\/politica-de-privacidade\/\" \/>\n<meta property=\"og:site_name\" content=\"CFL - TRAINING ACADEMY\" \/>\n<meta property=\"article:publisher\" content=\"https:\/\/www.facebook.com\/crossfitleiria\" \/>\n<meta property=\"article:modified_time\" content=\"2025-03-15T18:05:16+00:00\" \/>\n<meta property=\"og:image\" content=\"https:\/\/cfl-academy.com\/wp-content\/uploads\/2025\/06\/cfl_website_5.png\" \/>\n\t<meta property=\"og:image:width\" content=\"1200\" \/>\n\t<meta property=\"og:image:height\" content=\"675\" \/>\n\t<meta property=\"og:image:type\" content=\"image\/png\" \/>\n<meta name=\"twitter:card\" content=\"summary_large_image\" \/>\n<meta name=\"twitter:label1\" content=\"Estimated reading time\" \/>\n\t<meta name=\"twitter:data1\" content=\"2 minutes\" \/>\n<script type=\"application\/ld+json\" class=\"yoast-schema-graph\">{\"@context\":\"https:\/\/schema.org\",\"@graph\":[{\"@type\":\"WebPage\",\"@id\":\"https:\/\/cfl-academy.com\/pt\/politica-de-privacidade\/\",\"url\":\"https:\/\/cfl-academy.com\/pt\/politica-de-privacidade\/\",\"name\":\"Pol\u00edtica de Privacidade - CFL - TRAINING ACADEMY\",\"isPartOf\":{\"@id\":\"https:\/\/cfl-academy.com\/pt\/#website\"},\"datePublished\":\"2023-12-18T10:01:08+00:00\",\"dateModified\":\"2025-03-15T18:05:16+00:00\",\"breadcrumb\":{\"@id\":\"https:\/\/cfl-academy.com\/pt\/politica-de-privacidade\/#breadcrumb\"},\"inLanguage\":\"en-GB\",\"potentialAction\":[{\"@type\":\"ReadAction\",\"target\":[\"https:\/\/cfl-academy.com\/pt\/politica-de-privacidade\/\"]}]},{\"@type\":\"BreadcrumbList\",\"@id\":\"https:\/\/cfl-academy.com\/pt\/politica-de-privacidade\/#breadcrumb\",\"itemListElement\":[{\"@type\":\"ListItem\",\"position\":1,\"name\":\"In\u00edcio\",\"item\":\"https:\/\/cfl-academy.com\/pt\/\"},{\"@type\":\"ListItem\",\"position\":2,\"name\":\"Pol\u00edtica de Privacidade\"}]},{\"@type\":\"WebSite\",\"@id\":\"https:\/\/cfl-academy.com\/pt\/#website\",\"url\":\"https:\/\/cfl-academy.com\/pt\/\",\"name\":\"CFL Training Academy\",\"description\":\"gin\u00e1sio em Leiria\",\"publisher\":{\"@id\":\"https:\/\/cfl-academy.com\/pt\/#organization\"},\"potentialAction\":[{\"@type\":\"SearchAction\",\"target\":{\"@type\":\"EntryPoint\",\"urlTemplate\":\"https:\/\/cfl-academy.com\/pt\/?s={search_term_string}\"},\"query-input\":{\"@type\":\"PropertyValueSpecification\",\"valueRequired\":true,\"valueName\":\"search_term_string\"}}],\"inLanguage\":\"en-GB\"},{\"@type\":\"Organization\",\"@id\":\"https:\/\/cfl-academy.com\/pt\/#organization\",\"name\":\"CFL Training Academy\",\"url\":\"https:\/\/cfl-academy.com\/pt\/\",\"logo\":{\"@type\":\"ImageObject\",\"inLanguage\":\"en-GB\",\"@id\":\"https:\/\/cfl-academy.com\/pt\/#\/schema\/logo\/image\/\",\"url\":\"https:\/\/crossfitleiria.com\/wp-content\/uploads\/2025\/06\/cfl-02-logotipo-horizontal-01-cores-rgb-900px-w-72ppi.png\",\"contentUrl\":\"https:\/\/crossfitleiria.com\/wp-content\/uploads\/2025\/06\/cfl-02-logotipo-horizontal-01-cores-rgb-900px-w-72ppi.png\",\"width\":900,\"height\":430,\"caption\":\"CFL Training Academy\"},\"image\":{\"@id\":\"https:\/\/cfl-academy.com\/pt\/#\/schema\/logo\/image\/\"},\"sameAs\":[\"https:\/\/www.facebook.com\/crossfitleiria\",\"https:\/\/www.instagram.com\/cfltrainingacademy\/\"]}]}<\/script>\n<!-- \/ Yoast SEO plugin. -->","yoast_head_json":{"title":"Pol\u00edtica de Privacidade - CFL - TRAINING ACADEMY","robots":{"index":"index","follow":"follow","max-snippet":"max-snippet:-1","max-image-preview":"max-image-preview:large","max-video-preview":"max-video-preview:-1"},"canonical":"https:\/\/cfl-academy.com\/en\/politica-de-privacidade\/","og_locale":"en_GB","og_type":"article","og_title":"Pol\u00edtica de Privacidade - CFL - TRAINING ACADEMY","og_description":"pol\u00edtica de privacidade Bem-vindo ao site\u00a0Crossfit Leiria! A sua privacidade \u00e9 importante para n\u00f3s. Esta pol\u00edtica de privacidade explica como recolhemos, usamos, divulgamos e protegemos as suas informa\u00e7\u00f5es pessoais quando utiliza os nossos servi\u00e7os online, incluindo este site. Informa\u00e7\u00f5es que Recolhemos: Informa\u00e7\u00f5es Pessoais: Podemos recolher informa\u00e7\u00f5es pessoais, como nome, endere\u00e7o de e-mail, n\u00famero de telefone, [&hellip;]","og_url":"https:\/\/cfl-academy.com\/en\/politica-de-privacidade\/","og_site_name":"CFL - TRAINING ACADEMY","article_publisher":"https:\/\/www.facebook.com\/crossfitleiria","article_modified_time":"2025-03-15T18:05:16+00:00","og_image":[{"width":1200,"height":675,"url":"https:\/\/cfl-academy.com\/wp-content\/uploads\/2025\/06\/cfl_website_5.png","type":"image\/png"}],"twitter_card":"summary_large_image","twitter_misc":{"Estimated reading time":"2 minutes"},"schema":{"@context":"https:\/\/schema.org","@graph":[{"@type":"WebPage","@id":"https:\/\/cfl-academy.com\/pt\/politica-de-privacidade\/","url":"https:\/\/cfl-academy.com\/pt\/politica-de-privacidade\/","name":"Pol\u00edtica de Privacidade - CFL - TRAINING ACADEMY","isPartOf":{"@id":"https:\/\/cfl-academy.com\/pt\/#website"},"datePublished":"2023-12-18T10:01:08+00:00","dateModified":"2025-03-15T18:05:16+00:00","breadcrumb":{"@id":"https:\/\/cfl-academy.com\/pt\/politica-de-privacidade\/#breadcrumb"},"inLanguage":"en-GB","potentialAction":[{"@type":"ReadAction","target":["https:\/\/cfl-academy.com\/pt\/politica-de-privacidade\/"]}]},{"@type":"BreadcrumbList","@id":"https:\/\/cfl-academy.com\/pt\/politica-de-privacidade\/#breadcrumb","itemListElement":[{"@type":"ListItem","position":1,"name":"In\u00edcio","item":"https:\/\/cfl-academy.com\/pt\/"},{"@type":"ListItem","position":2,"name":"Pol\u00edtica de Privacidade"}]},{"@type":"WebSite","@id":"https:\/\/cfl-academy.com\/pt\/#website","url":"https:\/\/cfl-academy.com\/pt\/","name":"CFL Training Academy","description":"gin\u00e1sio em Leiria","publisher":{"@id":"https:\/\/cfl-academy.com\/pt\/#organization"},"potentialAction":[{"@type":"SearchAction","target":{"@type":"EntryPoint","urlTemplate":"https:\/\/cfl-academy.com\/pt\/?s={search_term_string}"},"query-input":{"@type":"PropertyValueSpecification","valueRequired":true,"valueName":"search_term_string"}}],"inLanguage":"en-GB"},{"@type":"Organization","@id":"https:\/\/cfl-academy.com\/pt\/#organization","name":"CFL Training Academy","url":"https:\/\/cfl-academy.com\/pt\/","logo":{"@type":"ImageObject","inLanguage":"en-GB","@id":"https:\/\/cfl-academy.com\/pt\/#\/schema\/logo\/image\/","url":"https:\/\/crossfitleiria.com\/wp-content\/uploads\/2025\/06\/cfl-02-logotipo-horizontal-01-cores-rgb-900px-w-72ppi.png","contentUrl":"https:\/\/crossfitleiria.com\/wp-content\/uploads\/2025\/06\/cfl-02-logotipo-horizontal-01-cores-rgb-900px-w-72ppi.png","width":900,"height":430,"caption":"CFL Training Academy"},"image":{"@id":"https:\/\/cfl-academy.com\/pt\/#\/schema\/logo\/image\/"},"sameAs":["https:\/\/www.facebook.com\/crossfitleiria","https:\/\/www.instagram.com\/cfltrainingacademy\/"]}]}},"_links":{"self":[{"href":"https:\/\/cfl-academy.com\/en\/wp-json\/wp\/v2\/pages\/11621","targetHints":{"allow":["GET"]}}],"collection":[{"href":"https:\/\/cfl-academy.com\/en\/wp-json\/wp\/v2\/pages"}],"about":[{"href":"https:\/\/cfl-academy.com\/en\/wp-json\/wp\/v2\/types\/page"}],"author":[{"embeddable":true,"href":"https:\/\/cfl-academy.com\/en\/wp-json\/wp\/v2\/users\/1"}],"replies":[{"embeddable":true,"href":"https:\/\/cfl-academy.com\/en\/wp-json\/wp\/v2\/comments?post=11621"}],"version-history":[{"count":37,"href":"https:\/\/cfl-academy.com\/en\/wp-json\/wp\/v2\/pages\/11621\/revisions"}],"predecessor-version":[{"id":16710,"href":"https:\/\/cfl-academy.com\/en\/wp-json\/wp\/v2\/pages\/11621\/revisions\/16710"}],"wp:attachment":[{"href":"https:\/\/cfl-academy.com\/en\/wp-json\/wp\/v2\/media?parent=11621"}],"curies":[{"name":"wp","href":"https:\/\/api.w.org\/{rel}","templated":true}]}}